{"id":939,"date":"2015-11-23T10:49:32","date_gmt":"2015-11-23T09:49:32","guid":{"rendered":"http:\/\/imramovsky.upce.cz\/?page_id=939"},"modified":"2020-09-10T13:36:27","modified_gmt":"2020-09-10T12:36:27","slug":"eliska-pilarova","status":"publish","type":"page","link":"https:\/\/imramovsky.upce.cz\/?page_id=939","title":{"rendered":"Eli\u0161ka Pila\u0159ov\u00e1"},"content":{"rendered":"<h3>PhD. Student<a href=\"http:\/\/imramovsky.upce.cz\/wp-content\/uploads\/2020\/09\/eli\u0161ka.png\"><img loading=\"lazy\" decoding=\"async\" class=\"alignright  wp-image-1020\" src=\"http:\/\/imramovsky.upce.cz\/wp-content\/uploads\/2020\/09\/eli\u0161ka.png\" alt=\"\" width=\"168\" height=\"203\" srcset=\"https:\/\/imramovsky.upce.cz\/wp-content\/uploads\/2020\/09\/eli\u0161ka.png 203w, https:\/\/imramovsky.upce.cz\/wp-content\/uploads\/2020\/09\/eli\u0161ka-125x150.png 125w\" sizes=\"auto, (max-width: 168px) 100vw, 168px\" \/><\/a><\/h3>\n<p>Date of Birth:&nbsp;&nbsp;&nbsp;&nbsp;&nbsp;&nbsp;&nbsp;&nbsp;&nbsp;&nbsp;&nbsp;&nbsp;&nbsp; 1993<br \/>\nPlace of Birth:&nbsp; &nbsp; &nbsp; &nbsp; &nbsp; &nbsp; &nbsp;Chrudim, Czech Republic<br \/>\nNationality:&nbsp; &nbsp; &nbsp; &nbsp; &nbsp; &nbsp; &nbsp; &nbsp; &nbsp;Czech<br \/>\nWork Phone:&nbsp;&nbsp;&nbsp;&nbsp;&nbsp;&nbsp;&nbsp;&nbsp;&nbsp;&nbsp;&nbsp;&nbsp;&nbsp;&nbsp; +420 46 603 7742<br \/>\nLaboratory No.:&nbsp;&nbsp;&nbsp;&nbsp;&nbsp;&nbsp;&nbsp;&nbsp;&nbsp;&nbsp; F03 038<br \/>\nE-mail:&nbsp;&nbsp;&nbsp;&nbsp;&nbsp;&nbsp;&nbsp;&nbsp;&nbsp;&nbsp;&nbsp;&nbsp;&nbsp;&nbsp;&nbsp;&nbsp;&nbsp;&nbsp;&nbsp;&nbsp;&nbsp;&nbsp;&nbsp;&nbsp; ladyelik@gmail.com, st41903@student.upce.cz<\/p>\n<h3><strong>Research topic<\/strong><\/h3>\n<p>Synthesis of novel salicylamide-based pseudopeptides with aldehyde and vinylsulfones moiety.<\/p>\n<h3>&nbsp;<strong>Education<\/strong><\/h3>\n<ul>\n<li>2018 \u2013 today student in Imramovsk\u00fd Research Group<\/li>\n<li>2016-2018 University of Pardubice, Faculty of Chemical Technology (masater&#8217;s degree), Field: New Corey lactone derivate as an intermediate in selected prostaglandins synthesis.<\/li>\n<li>2013 \u2013 2016 University of Pardubice, Faculty of Chemical Technology (bachelor&#8217;s degree), Field: Farmacochemistry and Medicinal Materials<\/li>\n<li>2008 \u2013 2012 \u2013 High School of chemistry in Pardubice,Field: Applied chemistry \u2013 chemical-pharmaceutical production<\/li>\n<\/ul>\n<h3><strong>Internship:<\/strong><\/h3>\n<ul>\n<li>2012 (June) \u2013 starting work as a part-time worker in Pivovar Rycht\u00e1\u0159 Hlinsko as a laboratory assistant<\/li>\n<li>2015 \u2013COOPHARMA Prague<\/li>\n<\/ul>\n","protected":false},"excerpt":{"rendered":"<p>PhD. Student Date of Birth:&nbsp;&nbsp;&nbsp;&nbsp;&nbsp;&nbsp;&nbsp;&nbsp;&nbsp;&nbsp;&nbsp;&nbsp;&nbsp; 1993 Place of Birth:&nbsp; &nbsp; &nbsp; &nbsp; &nbsp; &nbsp; &nbsp;Chrudim, Czech Republic Nationality:&nbsp; &nbsp; &nbsp; &nbsp; &nbsp; &nbsp; &nbsp; &nbsp; &nbsp;Czech Work Phone:&nbsp;&nbsp;&nbsp;&nbsp;&nbsp;&nbsp;&nbsp;&nbsp;&nbsp;&nbsp;&nbsp;&nbsp;&nbsp;&nbsp; +420 46 603 7742 Laboratory No.:&nbsp;&nbsp;&nbsp;&nbsp;&nbsp;&nbsp;&nbsp;&nbsp;&nbsp;&nbsp; F03 038 E-mail:&nbsp;&nbsp;&nbsp;&nbsp;&nbsp;&nbsp;&nbsp;&nbsp;&nbsp;&nbsp;&nbsp;&nbsp;&nbsp;&nbsp;&nbsp;&nbsp;&nbsp;&nbsp;&nbsp;&nbsp;&nbsp;&nbsp;&nbsp;&nbsp; ladyelik@gmail.com, st41903@student.upce.cz Research topic Synthesis of novel salicylamide-based pseudopeptides with aldehyde and vinylsulfones \u2026 <a href=\"https:\/\/imramovsky.upce.cz\/?page_id=939\"> Continue reading <span class=\"meta-nav\">&rarr; <\/span><\/a><\/p>\n","protected":false},"author":1,"featured_media":0,"parent":31,"menu_order":0,"comment_status":"closed","ping_status":"closed","template":"","meta":{"ngg_post_thumbnail":0,"footnotes":""},"class_list":["post-939","page","type-page","status-publish","hentry"],"_links":{"self":[{"href":"https:\/\/imramovsky.upce.cz\/index.php?rest_route=\/wp\/v2\/pages\/939","targetHints":{"allow":["GET"]}}],"collection":[{"href":"https:\/\/imramovsky.upce.cz\/index.php?rest_route=\/wp\/v2\/pages"}],"about":[{"href":"https:\/\/imramovsky.upce.cz\/index.php?rest_route=\/wp\/v2\/types\/page"}],"author":[{"embeddable":true,"href":"https:\/\/imramovsky.upce.cz\/index.php?rest_route=\/wp\/v2\/users\/1"}],"replies":[{"embeddable":true,"href":"https:\/\/imramovsky.upce.cz\/index.php?rest_route=%2Fwp%2Fv2%2Fcomments&post=939"}],"version-history":[{"count":12,"href":"https:\/\/imramovsky.upce.cz\/index.php?rest_route=\/wp\/v2\/pages\/939\/revisions"}],"predecessor-version":[{"id":1044,"href":"https:\/\/imramovsky.upce.cz\/index.php?rest_route=\/wp\/v2\/pages\/939\/revisions\/1044"}],"up":[{"embeddable":true,"href":"https:\/\/imramovsky.upce.cz\/index.php?rest_route=\/wp\/v2\/pages\/31"}],"wp:attachment":[{"href":"https:\/\/imramovsky.upce.cz\/index.php?rest_route=%2Fwp%2Fv2%2Fmedia&parent=939"}],"curies":[{"name":"wp","href":"https:\/\/api.w.org\/{rel}","templated":true}]}}