{"id":31,"date":"2014-04-23T18:26:55","date_gmt":"2014-04-23T17:26:55","guid":{"rendered":"http:\/\/imramovsky.upce.cz\/?page_id=31"},"modified":"2022-06-03T08:55:44","modified_gmt":"2022-06-03T07:55:44","slug":"zamestnanci","status":"publish","type":"page","link":"https:\/\/imramovsky.upce.cz\/?page_id=31","title":{"rendered":"Members"},"content":{"rendered":"<ul>\n<li>\n<h3><span style=\"color: #000000;\"><strong>Employees<\/strong><\/span><\/h3>\n<\/li>\n<\/ul>\n<p><span style=\"color: #3366ff;\"><a style=\"color: #3366ff;\" title=\"Ing. Karel Pauk, Ph.D.\" href=\"http:\/\/imramovsky.upce.cz\/?page_id=37\"><strong>Ing. Karel Pauk, Ph.D.&nbsp;<\/strong><\/a><\/span><a href=\"http:\/\/imramovsky.upce.cz\/wp-content\/uploads\/2014\/04\/Kaja.jpg\"><img loading=\"lazy\" decoding=\"async\" class=\"alignright wp-image-854\" src=\"http:\/\/imramovsky.upce.cz\/wp-content\/uploads\/2014\/04\/Kaja-200x300.jpg\" alt=\"Kaja\" width=\"128\" height=\"192\" srcset=\"https:\/\/imramovsky.upce.cz\/wp-content\/uploads\/2014\/04\/Kaja-200x300.jpg 200w, https:\/\/imramovsky.upce.cz\/wp-content\/uploads\/2014\/04\/Kaja-100x150.jpg 100w, https:\/\/imramovsky.upce.cz\/wp-content\/uploads\/2014\/04\/Kaja.jpg 400w\" sizes=\"auto, (max-width: 128px) 100vw, 128px\" \/><\/a><\/p>\n<p>Research Topic: Synthetic specialist of prostaglandine intermediates as well as other organic intermediates.<\/p>\n<p>&nbsp;<\/p>\n<ul>\n<li>\n<h3><strong><span style=\"color: #000000;\">Ph.D. students<\/span><br \/>\n<\/strong><\/h3>\n<\/li>\n<\/ul>\n<p><span style=\"color: #000000;\"><span style=\"color: #3366ff;\"><a style=\"color: #3366ff;\" href=\"http:\/\/imramovsky.upce.cz\/?page_id=785\"><strong>M.Sc. Pratibha Prabhakarrao Magar<\/strong><\/a><\/span><strong><a href=\"http:\/\/imramovsky.upce.cz\/wp-content\/uploads\/2014\/04\/skritek.jpg\"><img loading=\"lazy\" decoding=\"async\" class=\"alignright wp-image-859\" src=\"http:\/\/imramovsky.upce.cz\/wp-content\/uploads\/2014\/04\/skritek-200x300.jpg\" alt=\"skritek\" width=\"130\" height=\"196\" srcset=\"https:\/\/imramovsky.upce.cz\/wp-content\/uploads\/2014\/04\/skritek-200x300.jpg 200w, https:\/\/imramovsky.upce.cz\/wp-content\/uploads\/2014\/04\/skritek-100x150.jpg 100w, https:\/\/imramovsky.upce.cz\/wp-content\/uploads\/2014\/04\/skritek.jpg 400w\" sizes=\"auto, (max-width: 130px) 100vw, 130px\" \/><\/a><\/strong><\/span><\/p>\n<p>Research Topic: Synthesis of novel potential proteasomal inhibitors based on salicylamide moiety.<\/p>\n<p>&nbsp;<\/p>\n<h3>&nbsp;<\/h3>\n<p>&nbsp;<\/p>\n<p><span style=\"color: #000000;\"><span style=\"color: #3366ff;\"><a style=\"color: #3366ff;\" title=\"Eli\u0161ka Pila\u0159ov\u00e1\" href=\"http:\/\/imramovsky.upce.cz\/?page_id=939\"><strong>Ing. Eli\u0161ka Pila\u0159ov\u00e1<\/strong><\/a><\/span><strong><a href=\"http:\/\/imramovsky.upce.cz\/wp-content\/uploads\/2020\/09\/eli\u0161ka.png\"><img loading=\"lazy\" decoding=\"async\" class=\"alignright  wp-image-1020\" src=\"http:\/\/imramovsky.upce.cz\/wp-content\/uploads\/2020\/09\/eli\u0161ka.png\" alt=\"\" width=\"136\" height=\"163\" srcset=\"https:\/\/imramovsky.upce.cz\/wp-content\/uploads\/2020\/09\/eli\u0161ka.png 203w, https:\/\/imramovsky.upce.cz\/wp-content\/uploads\/2020\/09\/eli\u0161ka-125x150.png 125w\" sizes=\"auto, (max-width: 136px) 100vw, 136px\" \/><\/a><\/strong><\/span><\/p>\n<p>Specialization: Synthesis of novel salicylamide-based pseudopeptides with aldehyde and vinylsulfones moiety.<\/p>\n<p>&nbsp;<\/p>\n<p>&nbsp;<\/p>\n<p><strong><span style=\"color: #3366ff;\"><a style=\"color: #3366ff;\" href=\"http:\/\/imramovsky.upce.cz\/?page_id=1033\">Ing. Vojt\u011bch \u0160imon<\/a><\/span><a href=\"http:\/\/imramovsky.upce.cz\/wp-content\/uploads\/2020\/09\/vojta-1.png\"><img loading=\"lazy\" decoding=\"async\" class=\"alignright  wp-image-1028\" src=\"http:\/\/imramovsky.upce.cz\/wp-content\/uploads\/2020\/09\/vojta-1-216x300.png\" alt=\"\" width=\"136\" height=\"189\" srcset=\"https:\/\/imramovsky.upce.cz\/wp-content\/uploads\/2020\/09\/vojta-1-216x300.png 216w, https:\/\/imramovsky.upce.cz\/wp-content\/uploads\/2020\/09\/vojta-1-108x150.png 108w, https:\/\/imramovsky.upce.cz\/wp-content\/uploads\/2020\/09\/vojta-1.png 276w\" sizes=\"auto, (max-width: 136px) 100vw, 136px\" \/><\/a><\/strong><\/p>\n<p>Specialization: Basic synthesis od symmetric diketopyrrolopyrrole (DPP) pigments and alkylation of these pigments with with a number of alkylating agents.<\/p>\n<p>&nbsp;<\/p>\n<h3>&nbsp;<\/h3>\n<p>&nbsp;<\/p>\n<p><span style=\"color: #3366ff;\"><a style=\"color: #3366ff;\" title=\"Petra Boh\u00e1\u010dov\u00e1\" href=\"https:\/\/imramovsky.upce.cz\/?page_id=1073\"><strong>Bc. Kate\u0159ina Teichmanov\u00e1<\/strong><\/a><\/span><strong><a href=\"http:\/\/imramovsky.upce.cz\/wp-content\/uploads\/2020\/09\/kata-teichmanova.png\"><img loading=\"lazy\" decoding=\"async\" class=\"alignright  wp-image-1017\" src=\"http:\/\/imramovsky.upce.cz\/wp-content\/uploads\/2020\/09\/kata-teichmanova-238x300.png\" alt=\"\" width=\"137\" height=\"173\" srcset=\"https:\/\/imramovsky.upce.cz\/wp-content\/uploads\/2020\/09\/kata-teichmanova-238x300.png 238w, https:\/\/imramovsky.upce.cz\/wp-content\/uploads\/2020\/09\/kata-teichmanova-119x150.png 119w, https:\/\/imramovsky.upce.cz\/wp-content\/uploads\/2020\/09\/kata-teichmanova.png 309w\" sizes=\"auto, (max-width: 137px) 100vw, 137px\" \/><\/a><\/strong><\/p>\n<p>Specialization: New symmetrical DPA-DSB fluorescent dyes.<\/p>\n<p>&nbsp;<\/p>\n<p>&nbsp;<\/p>\n<p>&nbsp;<\/p>\n<ul>\n<li>\n<h3><strong><span style=\"color: #000000;\">Master, Bachelor students and volunteers<\/span><\/strong><\/h3>\n<\/li>\n<\/ul>\n<p><a href=\"https:\/\/imramovsky.upce.cz\/?page_id=1126(otev\u0159e se na nov\u00e9 z\u00e1lo\u017ece)\" data-wplink-url-error=\"true\"><strong>Daria Chernenko<\/strong><\/a><\/p>\n<p>&nbsp;<\/p>\n<p>&nbsp;<\/p>\n<p><span style=\"color: #3366ff;\"><a style=\"color: #3366ff;\" href=\"https:\/\/imramovsky.upce.cz\/?page_id=1079\"><strong>Lina Straihorodska<\/strong><\/a><strong><a style=\"color: #3366ff;\" href=\"http:\/\/imramovsky.upce.cz\/wp-content\/uploads\/2020\/09\/LS-scaled.jpg\"><img loading=\"lazy\" decoding=\"async\" class=\"alignright  wp-image-1091\" src=\"http:\/\/imramovsky.upce.cz\/wp-content\/uploads\/2020\/09\/LS-227x300.jpg\" alt=\"\" width=\"131\" height=\"173\" srcset=\"https:\/\/imramovsky.upce.cz\/wp-content\/uploads\/2020\/09\/LS-227x300.jpg 227w, https:\/\/imramovsky.upce.cz\/wp-content\/uploads\/2020\/09\/LS-775x1024.jpg 775w, https:\/\/imramovsky.upce.cz\/wp-content\/uploads\/2020\/09\/LS-768x1014.jpg 768w, https:\/\/imramovsky.upce.cz\/wp-content\/uploads\/2020\/09\/LS-1163x1536.jpg 1163w, https:\/\/imramovsky.upce.cz\/wp-content\/uploads\/2020\/09\/LS-1551x2048.jpg 1551w, https:\/\/imramovsky.upce.cz\/wp-content\/uploads\/2020\/09\/LS-114x150.jpg 114w, https:\/\/imramovsky.upce.cz\/wp-content\/uploads\/2020\/09\/LS-scaled.jpg 1938w\" sizes=\"auto, (max-width: 131px) 100vw, 131px\" \/><\/a><\/strong><\/span><\/p>\n<p>&nbsp;<\/p>\n","protected":false},"excerpt":{"rendered":"<p>Employees Ing. Karel Pauk, Ph.D.&nbsp; Research Topic: Synthetic specialist of prostaglandine intermediates as well as other organic intermediates. &nbsp; Ph.D. students M.Sc. Pratibha Prabhakarrao Magar Research Topic: Synthesis of novel potential proteasomal inhibitors based on salicylamide moiety. &nbsp; &nbsp; &nbsp; Ing. Eli\u0161ka Pila\u0159ov\u00e1 Specialization: Synthesis of novel salicylamide-based pseudopeptides with \u2026 <a href=\"https:\/\/imramovsky.upce.cz\/?page_id=31\"> Continue reading <span class=\"meta-nav\">&rarr; <\/span><\/a><\/p>\n","protected":false},"author":1,"featured_media":0,"parent":0,"menu_order":4,"comment_status":"closed","ping_status":"closed","template":"","meta":{"ngg_post_thumbnail":0,"footnotes":""},"class_list":["post-31","page","type-page","status-publish","hentry"],"_links":{"self":[{"href":"https:\/\/imramovsky.upce.cz\/index.php?rest_route=\/wp\/v2\/pages\/31","targetHints":{"allow":["GET"]}}],"collection":[{"href":"https:\/\/imramovsky.upce.cz\/index.php?rest_route=\/wp\/v2\/pages"}],"about":[{"href":"https:\/\/imramovsky.upce.cz\/index.php?rest_route=\/wp\/v2\/types\/page"}],"author":[{"embeddable":true,"href":"https:\/\/imramovsky.upce.cz\/index.php?rest_route=\/wp\/v2\/users\/1"}],"replies":[{"embeddable":true,"href":"https:\/\/imramovsky.upce.cz\/index.php?rest_route=%2Fwp%2Fv2%2Fcomments&post=31"}],"version-history":[{"count":146,"href":"https:\/\/imramovsky.upce.cz\/index.php?rest_route=\/wp\/v2\/pages\/31\/revisions"}],"predecessor-version":[{"id":1144,"href":"https:\/\/imramovsky.upce.cz\/index.php?rest_route=\/wp\/v2\/pages\/31\/revisions\/1144"}],"wp:attachment":[{"href":"https:\/\/imramovsky.upce.cz\/index.php?rest_route=%2Fwp%2Fv2%2Fmedia&parent=31"}],"curies":[{"name":"wp","href":"https:\/\/api.w.org\/{rel}","templated":true}]}}