{"id":188,"date":"2014-05-02T09:09:18","date_gmt":"2014-05-02T08:09:18","guid":{"rendered":"http:\/\/imramovsky.upce.cz\/?page_id=188"},"modified":"2017-10-23T11:03:59","modified_gmt":"2017-10-23T10:03:59","slug":"publications","status":"publish","type":"page","link":"https:\/\/imramovsky.upce.cz\/?page_id=188","title":{"rendered":"Publications"},"content":{"rendered":"<p>Publications in scientific journals (Oct 2017)<\/p>\n<ol>\n<li>Du\u0161ek, J.; Imramovsk\u00fd, A.; Pauk, K.; Jorda, R.; \u0158ezn\u00ed\u010dkov\u00e1, E.; Kry\u0161tof, V. Synthesis and Antiproliferative Activities of Novel <em>O<\/em>-Benzyl Salicylamide Derivatives. <em>Letters in Drug Design &amp; Discovery<\/em>, <strong>2017<\/strong>, <em>14<\/em>, 662\u2013671. [ISSN: 1570-1808 (Print), IF2016 = 1,17].<\/li>\n<li>Monteiro, S.; <strong>Imramovsk\u00fd, A.<\/strong>; Pauk, K.; Pavl\u00edk, J. Novel synthetic approach to alfaprostol key intermediates <em>via<\/em> Stille coupling with an alkyne. <em>Tetrahedron Letters<\/em> <strong>2017<\/strong>, <em>58<\/em>(23), 2228\u20132231. <strong>[<\/strong>ISSN: 0040-4039, IF<sub>2015<\/sub> = 2,347].<\/li>\n<li>Jorda, R.; Du\u0161ek, J.; \u0158ezn\u00ed\u010dkov\u00e1, E.; Pauk, K.; Magar, P. P.; <strong>Imramovsk\u00fd, A.<\/strong>; Kry\u0161tof, V. Synthesis and proteasomal aktivity of novel <em>O<\/em>-benzyl salicylamid\u016f-based inhibitors bulit from leucine and phenylalanine. <em>European Journal of Medicinal Chemistry<\/em> <strong>2017<\/strong>, <em>135<\/em>, 142\u2013158. <strong>[<\/strong>ISSN: 0223-5234, IF<sub>2015<\/sub> = 3.982].<\/li>\n<li>Machotova, J.; Zarybnicka, L.; Ruckerova, A.; Bacovska, R.; Rychly, J.; <strong>Imramovsky, A.<\/strong> Synthesis and Application of Hexaallylamino-cyclo-triphosphazene as Flame Retardant in Latex Coatings. Polymer-plastics Technology and Engineering <strong>2017<\/strong>, <em>56<\/em>(5), 563-571. [ISSN: 1525-6111, IF<sub>2015<\/sub> = 1.511]<\/li>\n<li>P\u00e1chnikov\u00e1, G.; Uldrijan, S.; <strong>Imramovsk\u00fd, A.<\/strong>; Kry\u0161tof, V.; Slaninov\u00e1, I. Substituted 2-hydroxy-<em>N<\/em>-(arylalkyl)benzamide sensitizes cancer cells to metabolic stress by disrupting actin cytoskeleton and inhibiting autophagic flux. <em>Toxicology in Vitro<\/em> <strong>2016<\/strong>, <em>37<\/em>, 70-78. [ISSN: 0887-2333, IF<sub>2015<\/sub> = 3.338]<\/li>\n<li>Kushkevych, I.; Kollar, P.; Ferreira, A.N.; Palma, D.; Duarte, A.; Lopes, M.M.; Bartos, M.; Pauk, K.; <strong>Imramovsk\u00fd, A.<\/strong>; Jampilek, J. Journal of Applied Biomedicine. <strong>2016<\/strong>, <em>14<\/em>(2), 125-130. [ISSN: 1214-021X, IF<sub>2015<\/sub> = 1.302].<\/li>\n<li style=\"text-align: justify;\">Zadrazilova, I.; Pospisilova, S.; Masarikova, M.; <strong>Imramovsky, A.<\/strong>; Ferriz, J.M.; Vinsova, J.; Cizek, A.; Jampilek, J. Salicylanilide carbamates: Promising antibacterial agents with high <em>in vitro<\/em> activity against methicillin-resistant <em>Staphylococcus aureus<\/em> (MRSA). <em> J. Pharm. Sci.<\/em>, <strong>2015<\/strong>, <em>77<\/em>, 197-207. [ISSN 0928-0987, IF<sub>2014<\/sub> = 3.350]<\/li>\n<li style=\"text-align: justify;\">Vor\u010d\u00e1kov\u00e1, K.; \u0160t\u011bp\u00e1nkov\u00e1, \u0160.; <strong>Imramovsk\u00fd, A.<\/strong> Benzothiazoles as Effective Inhibitors of Cholinesterases: Kinetics and Mechanism of Inhibition. <em>Sci. Pap. Univ. Pardubice<\/em> <strong>2015<\/strong>, <em>21<\/em>, 31 \u2013 43.<\/li>\n<li style=\"text-align: justify;\">Ba\u0165ov\u00e1, J.; <strong>Imramovsk\u00fd, A.<\/strong>; Hanusek, J.* Aminolysis of ezetimibe. <em> Pharm. Biomed. Anal.<\/em> <strong>2015<\/strong>, <em>107<\/em> (1), 495\u2013500. [ISSN 0731-7085, IF<sub>2013<\/sub> = 2.829]<\/li>\n<li style=\"text-align: justify;\"><strong>Pauk, K.<\/strong>; Zadra\u017eilov\u00e1, I.; <strong>Imramovsk\u00fd, A.<\/strong>; Vin\u0161ov\u00e1, J.; Pokorn\u00e1, M.; Masa\u0159\u00edkov\u00e1, M.; \u010c\u00ed\u017eek, A.; Jamp\u00edlek, J. New derivatives of salicylamides: Preparation and antimicrobial activity against various bacterial species. <em>Bioorganic &amp; Medicinal Chemistry<\/em> <strong>2013<\/strong>, <em>21<\/em>(21), 6574-6581. [ISSN 0968-0896, IF<sub>2012<\/sub>= 2.903].<\/li>\n<li style=\"text-align: justify;\"><strong>Imramovsk\u00fd, A.<\/strong>; Jorda, R.; <strong>Pauk, K.<\/strong>; \u0158ezn\u00ed\u010dkov\u00e1, E.; <strong>Du\u0161ek, J.<\/strong>; Hanusek, J.; Kry\u0161tof, V. Substituted 2-hydroxy-<em>N<\/em>-(arylalkyl)benzamides induce apoptosis in cancer cell lines. <em>European Journal of Medicinal Chemistry<\/em> <strong>2013<\/strong>, <em>68<\/em>, 253-259. [ISSN: 0223-5234, IF<sub>2012<\/sub> = 3.499].<\/li>\n<li style=\"text-align: justify;\">Gon\u011bc, T.; Kos, J.; Zadra\u017eilov\u00e1, I.; Pe\u0161ko, M.; Govender, R.; Kelto\u0161ov\u00e1, S.; Chambel, B.; Pereira, D.; Koll\u00e1r, P.; <strong>Imramovsk\u00fd, A.<\/strong>; O\u00b4Mahony, J.; Coffey, A.; \u010c\u00ed\u017eek, A.; Kr\u00e1\u013eov\u00e1, K.; Jamp\u00edlek, J. Antibacterial and Herbicidal Activity of Ring-Substituted 2-Hydroxynaphthalene-1-carboxanilides. <em>Molecules<\/em> <strong>2013<\/strong>, <em>18<\/em>(8), 9397-9419, <a href=\"http:\/\/www.mdpi.com\/1420-3049\/18\/8\/9397\/pdf\">http:\/\/www.mdpi.com\/1420-3049\/18\/8\/9397\/pdf<\/a>. [ISSN 1420-3049, IF<sub>2012<\/sub> = 2.428].<\/li>\n<li style=\"text-align: justify;\">Sedl\u00e1k, M.; Bhosale, D. S.; Bene\u0161, L.; Palar\u010d\u00edk J.; Kalendov\u00e1 A.; Kr\u00e1lovec K.; <strong>Imramovsk\u00fd, A.<\/strong> Synthesis and characterization of a pH-sensitive conjugate of isoniazid with Fe3O4@SiO2 magnetic nanoparticles. <em>Bioorganic &amp; Medicinal Chemistry Letters<\/em> <strong>2013<\/strong>, <em>23<\/em>(16), 4692\u20134695. [ISSN 0960-894X, IF<sub>2011<\/sub> = 2.338].<\/li>\n<li style=\"text-align: justify;\">Sedl\u00e1k, M.; Pejchal, V.; <strong>Imramovsk\u00fd, A.<\/strong>; Hanusek, J. A Safe and Efficient Route For The Preparation of Nitro-, Dinitro-, and Trinitrofenyl Chloroformates. Synthetic Communications <strong>2013<\/strong>, <em>43<\/em>, 2365-2369. [ISSN: 0039-7911 print=1532-2432 online, IF<sub>2011<\/sub> = 1.062].<\/li>\n<li style=\"text-align: justify;\">Pejchal, V.; <strong>Imramovsk\u00fd, A.<\/strong> Development of optimised synthesis of 4-amino-<em>N<\/em>-(4-carbamoylphenyl)benzamide for industrial application. <em>Research on Chemical Intermediates<\/em> <strong>2013<\/strong>, 39, 2237-2244. [ISSN: 1568-5675 (electronic version), ISSN: 0922-6168 (print version), IF<sub>2011<\/sub> = 0.697].<\/li>\n<li style=\"text-align: justify;\"><strong>Imramovsk\u00fd, A.<\/strong>; Pejchal, V.; \u0160t\u011bp\u00e1nkov\u00e1, \u0160.; Vor\u010d\u00e1kov\u00e1, K.; Jamp\u00edlek, J.; Van\u010do, J.; \u0160im\u016fnek, P.; Kr\u00e1lovec, K.; Br\u016f\u010dkov\u00e1, L.; Mand\u00edkov\u00e1, J.; Trejtnar, F. Synthesis and in vitro evaluation of new derivatives of 2-substituted-6-fluorobenzo[<em>d<\/em>]thiazoles as cholinesterase inhibitors. <em>Bioorganic &amp; Medicinal Chemistry<\/em> <strong>2013<\/strong>, <em>21<\/em>(7), 1735-1748. [ISSN 0968-0896, IF<sub>2011<\/sub>= 2.921].<\/li>\n<li style=\"text-align: justify;\"><strong>Imramovsk\u00fd, A.<\/strong>; Stepankova, S.; Vanco, J.; <strong>Pauk, K.<\/strong>; Monreal-Ferriz, J.; Vinsova, J.; Jampilek, J. Acetylcholinesterase-Inhibiting Activity of Salicylanilide <em>N<\/em>-Alkylcarbamates and Their Molecular Docking. <em>Molecules<\/em> <strong>2012<\/strong>, <em>17<\/em>, 10142-10158. <a href=\"http:\/\/www.mdpi.com\/1420-3049\/17\/9\/10142\/pdf\">http:\/\/www.mdpi.com\/1420-3049\/17\/9\/10142\/pdf<\/a> . [ISSN 1420-3049, IF<sub>2011<\/sub> = 2.386].<\/li>\n<li style=\"text-align: justify;\"><strong>Imramovsk\u00fd, A.<\/strong>; <strong>Grusov\u00e1, L.<\/strong>; Bene\u0161, L.; Pejchal, V.; Sedl\u00e1k, M. Synthesis and characterization of pH-sensitive conjugate of isoniazid \u2013 methoxypoly(ethylene glycol)-<em>b<\/em>-poly(L-lysine). <em>Bioorganic &amp; Medicinal Chemistry Letters<\/em> <strong>2012<\/strong>, <em>22<\/em>(18), 5952-5955. [ISSN 0960-894X, IF<sub>2011<\/sub> = 2.554].<\/li>\n<li style=\"text-align: justify;\">Abdel-Mohsen, A. M.; Abdel-Rahman, R. M.; Hrdina, R.; <strong>Imramovsk\u00fd, A.<\/strong>; Burgert, L.; Aly, A. S. Antibacterial cotton fabrics treated with core\u2013shell nanoparticles. <em>International Journal of Biological Macromolecules<\/em> <strong>2012<\/strong>, <em>50<\/em>(5), 1245-1253. [ISSN 0141-8130, IF<sub>2010<\/sub> = 2.502].<\/li>\n<li style=\"text-align: justify;\"><strong>Imramovsk\u00fd, A.<\/strong>; <strong>Pauk, K.<\/strong>; Pad\u011blkov\u00e1, Z.; Hanusek, J. Crystal Structure of the 5-Chloro Salicylamides: Three Different Types of the H-bonding Influenced Linear Chain Formation in the Solid State. <em>Crystals<\/em> <strong>201<\/strong><strong>2<\/strong>, <em>2<\/em>, 349-361. <a href=\"http:\/\/www.mdpi.com\/2073-4352\/2\/2\/349\">http:\/\/www.mdpi.com\/2073-4352\/2\/2\/349<\/a>[ISSN 2073-4352]<\/li>\n<li style=\"text-align: justify;\">Mollaghan, A.; Vin\u0161ov\u00e1, J.; <strong>Imramovsky, A.<\/strong>; Cotter, L.; Lucey, B.; O&#8217;Mahony, J., Costelloe, A. Antistaphylococcal activity of novel salicylanilide derivatives. <em>Current Drug Discovery Technologies <\/em><strong>2012<\/strong>, <em>9<\/em>(1), 39-47. [ISSN 1570-1638].<\/li>\n<li style=\"text-align: justify;\">Bobal, P.; Sujan, J.; Otevrel, J.; <strong>Imramovsky, A.<\/strong>; Padelkova, Z.; Jampilek, J. Microwave-Assisted Synthesis of New Substituted Anilides of Quinaldic Acid. <em>Molecules<\/em> <strong>2012<\/strong>, <em>17<\/em>, 1292-1306.<a href=\"http:\/\/www.mdpi.com\/1420-3049\/17\/2\/1292\/pdf\">http:\/\/www.mdpi.com\/1420-3049\/17\/2\/1292\/pdf<\/a>[ISSN 1420-3049, IF<sub>2010<\/sub> = 1.988].<\/li>\n<li style=\"text-align: justify;\">Gonec, T.; Bobal, P.; Sujan, J.; Pesko, M.; Guo, J.; Kralova, K.; Pavlacka, L.; Vesely, L.; Kreckova, E.; Kos, J.; Coffey, A.; Kollar, P.; <strong>Imramovsky, A.<\/strong>; Placek, L.; Jampilek, J. Investigating the Spectrum of Biological Activity of Substituted Quinoline-2-Carboxamides and Their Isosteres. <em>Molecules<\/em> <strong>2012<\/strong>, <em>17<\/em>, 613-644. <a href=\"http:\/\/www.mdpi.com\/1420-3049\/17\/1\/613\/pdf\">http:\/\/www.mdpi.com\/1420-3049\/17\/1\/613\/pdf<\/a> [ISSN 1420-3049, IF<sub>2010<\/sub> = 1.988].<\/li>\n<li style=\"text-align: justify;\">B\u00edlkov\u00e1, E.; <strong>Imramovsk\u00fd, A.<\/strong>; Sedl\u00e1k, M. Recent Advances in the Design and Synthesis of Prednisolone and Methylprednisolone Conjugates. <em>Current Pharmaceutical Design<\/em> <strong>2011<\/strong>, <em>17<\/em>, 3577-3595. [ISSN: 1381-6128, IF<sub>2010<\/sub> = 4.774].<\/li>\n<li style=\"text-align: justify;\">Vav\u0159\u00edkov\u00e1, E.; Polanc, S.; Ko\u010devar, M.; Ko\u0161mrlj, J.; Horv\u00e1ti, K.; B\u0151sze, S.; Stola\u0159\u00edkov\u00e1, J.; <strong>Imramovsk\u00fd, A.<\/strong>; Vin\u0161ov\u00e1, J. New series of isoniazid hydrazones linked with electron-withdrawing substituents. <em>European Journal of Medicinal Chemistry<\/em> <strong>2011<\/strong>, <em>46<\/em>(12), 5902-5909. <strong>[<\/strong>ISSN: 0223-5234, IF<sub>2010<\/sub> = 3.193].<\/li>\n<li style=\"text-align: justify;\">Pejchal, V.; Stepankova, S.; Padelkova, Z.; <strong>Imramovsky, A.<\/strong>; Jampilek, J. 1,3-Substituted Imidazolidine-2,4,5-triones: Synthesis and Inhibition of Cholinergic Enzymes. <em>Molecules<\/em> <strong>2011<\/strong>, <em>16<\/em>, 7565-7582. <a href=\"http:\/\/www.mdpi.com\/1420-3049\/16\/9\/7565\/pdf\">http:\/\/www.mdpi.com\/1420-3049\/16\/9\/7565\/pdf<\/a>. [ISSN 1420-3049, IF<sub>2010<\/sub> = 1.988].<\/li>\n<li style=\"text-align: justify;\"><strong>Imramovsky, A.<\/strong>; Pesko, M.; Ferriz, J. M.; Kralova, K.; Vinsova, J.; Jampilek, J. Photosynthesis &#8211; Inhibiting efficiency of 4-chloro-2-(chlorophenylcarbamoyl)phenyl alkylcarbamates. <em>Bioorg Med. Chem. Lett.<\/em> <strong>2011<\/strong>, <em>21<\/em>(15), 4564\u20134567. [ISSN 0960-894X, IF<sub>2010<\/sub> = 2.661].<\/li>\n<li style=\"text-align: justify;\">B\u00edlkov\u00e1, E.; Sedl\u00e1k, M.; <strong>Imramovsk\u00fd, A.<\/strong>; Ch\u00e1rov\u00e1, P.; Knotek, P.; Bene\u0161, L. Prednisolone-alpha-cyclodextrin-star poly(ethylene glycol) polypseudorotaxane with delayed pH-sensitivity as a targeted drug delivery system. <em>Int. J. Pharm.<\/em><strong>2011<\/strong>, <em>414<\/em>(1-2), 42-47. [ISSN 0378-5173, IF<sub>2010<\/sub>=3.607].<\/li>\n<li style=\"text-align: justify;\"><strong>Imramovsk\u00fd, A.<\/strong>; <strong>Pauk, K.<\/strong>; Pejchal, V.; Hanusek, J. Salicylanilides and Their Derivates as Perspective Anti-tuberculosis Drugs: Synthetic Routes and Biological Evaluations. <em>Mini-Reviews in Organic Chemistry<\/em> <strong>2011<\/strong>, <em>8<\/em>, 211-220. [ISSN: 1570-193X, IF<sub>2010<\/sub>=1.448].<\/li>\n<li style=\"text-align: justify;\"><strong>Imramovsk\u00fd, A.<\/strong>; Pe\u0161ko, M.; Kr\u00e1lov\u00e1, K.; Vejsov\u00e1, M.; Stola\u0159\u00edkov\u00e1, J.; Vin\u0161ov\u00e1, J.; Jamp\u00edlek, J. Investigating Spectrum of Biological Activity of 4- and 5-Chloro-2-hydroxy-<em>N<\/em>-[2-(arylamino)-1-alkyl-2-oxoethyl]benzamides. <em>Molecules<\/em> <strong>2011<\/strong>, <em>16<\/em>, 2414-2430. [ISSN 1420-3049, IF<sub>2010<\/sub>=1.608].<\/li>\n<li style=\"text-align: justify;\"><strong>Imramovsk\u00fd, A.<\/strong>; Monreal, J. F.; <strong>Pauk, K.<\/strong>; Kr\u00e1tk\u00fd, M.; Vin\u0161ov\u00e1, J. Synthetic Route for the Preparation of 2-Hydroxy-<em>N<\/em>-[1-(2-hydroxyphenylamino)- 1-oxoalkan-2-yl]benzamides. <em>J. Comb. Chem. <\/em><strong>2010<\/strong>, <em>12<\/em>(4)<em>, <\/em>414-416. [ISSN 1520-4766, IF<sub>2009<\/sub>= 3.450]<\/li>\n<li style=\"text-align: justify;\">Monreal, J. F.; V\u00e1vrov\u00e1, K.; Kunc, F.; <strong>Imramovsk\u00fd, A.<\/strong>; Stola\u0159\u00edkov\u00e1, J.; Vav\u0159\u00edkov\u00e1, E.; Vin\u0161ov\u00e1, J. Salicylanilide carbamates: Antitubercular agents active against multidrug-resistant Mycobacterium tuberculosis strains. <em>Bioorg. Med. Chem.<\/em>, <strong>2010<\/strong>, <em>18<\/em>(3), 1054\u20131061. [ISSN 0968-0896, IF<sub>2009<\/sub>= 2.822]<\/li>\n<li style=\"text-align: justify;\">B\u00edlkov\u00e1, E; <strong>Imramovsk\u00fd, A.<\/strong>; Buchta, V.; Sedl\u00e1k, M. Targeted antifungal delivery system: Glucosidase sensitive nystatin\u2013star poly(ethylene glycol) conjugate. <em>Int. J. Pharm.<\/em> <strong>2010<\/strong>, <em>386<\/em>(1-2), 1-5. [ISSN 0378-5173, IF<sub>2009<\/sub>=3.061]<\/li>\n<li style=\"text-align: justify;\">Vin\u0161ov\u00e1, J.; <strong>Imramovsk\u00fd, A.<\/strong>; Kr\u00e1tk\u00fd, M.; Monreal, J. F.; Pal\u00e1t, K.; Ly\u010dka A.; R\u016f\u017ei\u010dka, A.; An unprecedent rearrangement of salicylanilide derivates: imidazolinone intermediate formation. <em>Tetrahedron Lett.<\/em> <strong>2010<\/strong>, <em>51<\/em>(1), 23-26. [ISSN 0040-4039, IF<sub>2009<\/sub>= 2.539]<\/li>\n<li style=\"text-align: justify;\"><strong>Imramovsk\u00fd, A.<\/strong>; Vin\u0161ov\u00e1, J.;Monreal, J. F.; Dole\u017eal, R.; Jamp\u00edlek, J.; Kaustov\u00e1, J.; Kunc, F. New Antituberculotics Originated from Salicylanilides with Promising <em>In Vitro<\/em> Activity against Atypical Mycobacterial Strains. <em>Bioorg. Med. Chem.<\/em>, <strong>2009<\/strong>, <em>17<\/em>(10), 3572-3579. [ISSN 0968-0896, IF<sub>2007<\/sub>= 2.662]<\/li>\n<li style=\"text-align: justify;\"><strong>Imramovsk\u00fd, A.<\/strong>; Vin\u0161ov\u00e1, J.;Monreal, J. F.; Buchta, V.; Jamp\u00edlek, J. Salicylanilide esters of <em>N<\/em>-protected amino acids as novel antimicrobial agents. <em>Bioorg. Med. Chem. Lett. <\/em><strong>2009<\/strong>, <em>19<\/em>(2), 348-351. [ISSN 0960-894X, IF<sub>2007<\/sub> = 2.604]<\/li>\n<li style=\"text-align: justify;\">Jampilek, J.; Reckova, Z.; <strong>Imramovsky, A.<\/strong>; Raich, I.; Vinsova, J.; Dohnal, J. Stability Study of New Effective Antimycobacterial Mutual Prodrugs. <em>Curr. Org. Chem.<\/em> <strong>2008<\/strong>, <em>12<\/em>(8), 667-674.[ISSN 1385-2728, IF<sub>2006<\/sub> = 3.961]<\/li>\n<li style=\"text-align: justify;\">Vin\u0161ov\u00e1, J.; <strong>Imramovsk\u00fd, A.<\/strong>; Jamp\u00edlek, J.; Monreal, J. F.; Dole\u017eal M. Recent Advances on Isoniazide Derivatives.<em> Anti-Infective agents Med. Chem.<\/em><strong>2008<\/strong>, <em>7<\/em>(1), 1-20. [ISSN 1871-5214]<\/li>\n<li style=\"text-align: justify;\"><strong>Imramovsk\u00fd, A.<\/strong>; Polanc, S.; Vin\u0161ov\u00e1, J.; Ko\u010devar, M.; Jamp\u00edlek, J.; Re\u010dkov\u00e1, Z.; Kaustov\u00e1, J. A new modification of anti-tubercular active molecules. <em>Bioorg. Med. Chem.<\/em> <strong>2007<\/strong>, <em>15<\/em>(7), 2551-2559. [ISSN 0968-0896, IF<sub>2006<\/sub>= 2.624]<\/li>\n<li style=\"text-align: justify;\">Vin\u0161ov\u00e1, J.; <strong>Imramovsk\u00fd, A.<\/strong>; Buchta, V.; \u010ce\u010dkov\u00e1, M; Dole\u017eal, M; \u0160taud, F.; Jamp\u00edlek, J.; Kaustov\u00e1, J. Salicylanilide acetates: Synthesis and Antibacterial Evaluation. <em>Molecules<\/em>, <strong>2007<\/strong>, <em>12<\/em>, 1-12. [ISSN 1420-3049, IF<sub>2006<\/sub>= 0.841]<\/li>\n<li style=\"text-align: justify;\"><strong>Imramovsk\u00fd, A.<\/strong>; Vin\u0161ov\u00e1, J.; Monreal F\u00e9rriz, J.; Kune\u0161, J.; Pour, M.; Dole\u017eal, M. Salicylanilide esterification: unexpected formation of novel 7-membered rings. <em>Tetrahedron Lett.<\/em>, <strong>2006<\/strong>, <em>47<\/em>(29), 5007-5011. [ISSN 0040-4039, IF<sub>2005<\/sub>= 2.477]<\/li>\n<li style=\"text-align: justify;\">Vin\u0161ov\u00e1, J.; <strong>Imramovsk\u00fd, A.<\/strong> Intramolekul\u00e1rn\u00ed cyklizace vyu\u017e\u00edvan\u00e9 k uvol\u0148ov\u00e1n\u00ed \u00fa\u010dinn\u00fdch l\u00e1tek z prol\u00e9\u010div. <em>Chem. Listy<\/em>, <strong>2005<\/strong>, <em>99<\/em>(1), 21-29. [ISSN 0009-2770, IF<sub>2006<\/sub>= 0.445]<\/li>\n<li style=\"text-align: justify;\">Vin\u0161ov\u00e1, J.; <strong>Imramovsk\u00fd, A.<\/strong> Salicylanilidy \u2013 st\u00e1le aktu\u00e1ln\u00ed skupina s&nbsp;potenci\u00e1ln\u00ed antibakteri\u00e1ln\u00ed aktivitou. <em>Ces. Slov. Farm.<\/em> <strong>2004<\/strong>, <em>53,<\/em> 294-299. [ISSN 1210-7816].<\/li>\n<\/ol>\n","protected":false},"excerpt":{"rendered":"<p>Publications in scientific journals (Oct 2017) Du\u0161ek, J.; Imramovsk\u00fd, A.; Pauk, K.; Jorda, R.; \u0158ezn\u00ed\u010dkov\u00e1, E.; Kry\u0161tof, V. Synthesis and Antiproliferative Activities of Novel O-Benzyl Salicylamide Derivatives. Letters in Drug Design &amp; Discovery, 2017, 14, 662\u2013671. [ISSN: 1570-1808 (Print), IF2016 = 1,17]. Monteiro, S.; Imramovsk\u00fd, A.; Pauk, K.; Pavl\u00edk, J. \u2026 <a href=\"https:\/\/imramovsky.upce.cz\/?page_id=188\"> Continue reading <span class=\"meta-nav\">&rarr; <\/span><\/a><\/p>\n","protected":false},"author":1,"featured_media":0,"parent":0,"menu_order":5,"comment_status":"closed","ping_status":"closed","template":"","meta":{"ngg_post_thumbnail":0,"footnotes":""},"class_list":["post-188","page","type-page","status-publish","hentry"],"_links":{"self":[{"href":"https:\/\/imramovsky.upce.cz\/index.php?rest_route=\/wp\/v2\/pages\/188","targetHints":{"allow":["GET"]}}],"collection":[{"href":"https:\/\/imramovsky.upce.cz\/index.php?rest_route=\/wp\/v2\/pages"}],"about":[{"href":"https:\/\/imramovsky.upce.cz\/index.php?rest_route=\/wp\/v2\/types\/page"}],"author":[{"embeddable":true,"href":"https:\/\/imramovsky.upce.cz\/index.php?rest_route=\/wp\/v2\/users\/1"}],"replies":[{"embeddable":true,"href":"https:\/\/imramovsky.upce.cz\/index.php?rest_route=%2Fwp%2Fv2%2Fcomments&post=188"}],"version-history":[{"count":10,"href":"https:\/\/imramovsky.upce.cz\/index.php?rest_route=\/wp\/v2\/pages\/188\/revisions"}],"predecessor-version":[{"id":1004,"href":"https:\/\/imramovsky.upce.cz\/index.php?rest_route=\/wp\/v2\/pages\/188\/revisions\/1004"}],"wp:attachment":[{"href":"https:\/\/imramovsky.upce.cz\/index.php?rest_route=%2Fwp%2Fv2%2Fmedia&parent=188"}],"curies":[{"name":"wp","href":"https:\/\/api.w.org\/{rel}","templated":true}]}}