{"id":186,"date":"2014-05-02T09:09:00","date_gmt":"2014-05-02T08:09:00","guid":{"rendered":"http:\/\/imramovsky.upce.cz\/?page_id=186"},"modified":"2015-02-26T11:42:28","modified_gmt":"2015-02-26T10:42:28","slug":"cooperation","status":"publish","type":"page","link":"https:\/\/imramovsky.upce.cz\/?page_id=186","title":{"rendered":"Cooperation"},"content":{"rendered":"<p><strong>Universities:<\/strong><\/p>\n<p>Charles University in Prague<br \/>\nFaculty of Pharmacy in Hradec Kr\u00e1lov\u00e9<br \/>\nHradec Kr\u00e1lov\u00e9, Czech Republic<br \/>\nCooperate with: <a href=\"http:\/\/portal.faf.cuni.cz\/Profile\/Vinsova-Jarmila\/\" target=\"_blank\">Prof. Dr. Jarmila Vin\u0161ov\u00e1 (Dept. of Inorganic and Organic Chemistry)<\/a><\/p>\n<p>Palacky University &amp; Institute of Experimental Botany ASCR<br \/>\n<a href=\"http:\/\/rustreg.upol.cz\/kinase_inhibitors.html\" target=\"_blank\">Laboratory of Growth Regulators<\/a><br \/>\nOlomouc, Czech Republic<br \/>\nCooperate with: Dr. Radek Jorda &amp; Assoc. Prof. Dr. V. Kry\u0161tof<\/p>\n<p><a href=\"http:\/\/www.vfu.cz\/index_en.html\" target=\"_blank\">University of Veterinary and Pharmaceutical Sciences Brno<\/a><br \/>\nFaculty of Pharmacy, Dept. of Chemical Drugs<br \/>\nBrno, Czech Republic<br \/>\nCooperate with: <a href=\"http:\/\/faf.vfu.cz\/research-and-development\/department-of-chemical-drugs\/jampilek.html\" target=\"_blank\">Assoc Prof. Dr. Josef Jamp\u00edlek<\/a><\/p>\n<p><a href=\"http:\/\/imramovsky.upce.cz\/?page_id=822\" target=\"_blank\">PharmDr. Iveta Zadra\u017eilov\u00e1<\/a><br \/>\n<a href=\"http:\/\/www.vfu.cz\/index_en.html\" target=\"_blank\">University of Veterinary and Pharmaceutical Sciences Brno<\/a><br \/>\n&#8211; Faculty of Pharmacy, Dept. of Chemical Drugs<br \/>\n&#8211; Faculty of Veterinary Medicine, Dept. of Infectious Diseases and Microbiology<br \/>\n&#8211; CEITEC VFU<br \/>\nBrno, Czech Republic<\/p>\n<p>Brno University of Technology<br \/>\nFaculty of Chemistry<br \/>\n<a href=\"http:\/\/www.materials-research.cz\/en\/laboratories\/laboratory-of-organic-electronics-and-photonics\/\" target=\"_blank\">Materials Research Centre<\/a><br \/>\nBrno, Czech Republic<br \/>\nCooperation with: <a href=\"http:\/\/www.caymanpharma.com\/app\/template\/Contact.vm\/a\/z\" target=\"_blank\">Assoc Prof. Martin Vala, Ph.D.<\/a><\/p>\n<p><strong>Companies:<\/strong><\/p>\n<p><a href=\"http:\/\/www.caymanpharma.com\/app\/template\/Home.vm\/lang\/en\/a\/z;jsessionid=9AEB31CE3DD4FDD51F2E4D2E7A62B897\" target=\"_blank\">Cayman Pharma<\/a><br \/>\nResearch and Development<br \/>\nNeratovice, Czech Republic<br \/>\nCooperation with: <a href=\"http:\/\/www.caymanpharma.com\/app\/template\/Contact.vm\/a\/z\" target=\"_blank\">PharmDr. Jan Pavl\u00edk, Ph.D.<\/a>, Research &amp; Development Director<\/p>\n<p><a title=\"Synthesia\" href=\"http:\/\/www.synthesia.eu\/cze\" target=\"_blank\">Synthesia a.s.<\/a><br \/>\nPardubice, Czech Republic<br \/>\nCooperation with: Dr. Jan Vy\u0148uchal, Head of research SBU Dyes and Pigments Synthesia a.s.<\/p>\n","protected":false},"excerpt":{"rendered":"<p>Universities: Charles University in Prague Faculty of Pharmacy in Hradec Kr\u00e1lov\u00e9 Hradec Kr\u00e1lov\u00e9, Czech Republic Cooperate with: Prof. Dr. Jarmila Vin\u0161ov\u00e1 (Dept. of Inorganic and Organic Chemistry) Palacky University &amp; Institute of Experimental Botany ASCR Laboratory of Growth Regulators Olomouc, Czech Republic Cooperate with: Dr. Radek Jorda &amp; Assoc. Prof. \u2026 <a href=\"https:\/\/imramovsky.upce.cz\/?page_id=186\"> Continue reading <span class=\"meta-nav\">&rarr; <\/span><\/a><\/p>\n","protected":false},"author":1,"featured_media":0,"parent":0,"menu_order":9,"comment_status":"closed","ping_status":"closed","template":"","meta":{"ngg_post_thumbnail":0,"footnotes":""},"class_list":["post-186","page","type-page","status-publish","hentry"],"_links":{"self":[{"href":"https:\/\/imramovsky.upce.cz\/index.php?rest_route=\/wp\/v2\/pages\/186","targetHints":{"allow":["GET"]}}],"collection":[{"href":"https:\/\/imramovsky.upce.cz\/index.php?rest_route=\/wp\/v2\/pages"}],"about":[{"href":"https:\/\/imramovsky.upce.cz\/index.php?rest_route=\/wp\/v2\/types\/page"}],"author":[{"embeddable":true,"href":"https:\/\/imramovsky.upce.cz\/index.php?rest_route=\/wp\/v2\/users\/1"}],"replies":[{"embeddable":true,"href":"https:\/\/imramovsky.upce.cz\/index.php?rest_route=%2Fwp%2Fv2%2Fcomments&post=186"}],"version-history":[{"count":17,"href":"https:\/\/imramovsky.upce.cz\/index.php?rest_route=\/wp\/v2\/pages\/186\/revisions"}],"predecessor-version":[{"id":881,"href":"https:\/\/imramovsky.upce.cz\/index.php?rest_route=\/wp\/v2\/pages\/186\/revisions\/881"}],"wp:attachment":[{"href":"https:\/\/imramovsky.upce.cz\/index.php?rest_route=%2Fwp%2Fv2%2Fmedia&parent=186"}],"curies":[{"name":"wp","href":"https:\/\/api.w.org\/{rel}","templated":true}]}}