{"id":172,"date":"2014-05-02T07:36:04","date_gmt":"2014-05-02T06:36:04","guid":{"rendered":"http:\/\/imramovsky.upce.cz\/?page_id=172"},"modified":"2020-02-21T08:05:55","modified_gmt":"2020-02-21T07:05:55","slug":"ales","status":"publish","type":"page","link":"https:\/\/imramovsky.upce.cz\/?page_id=172","title":{"rendered":"Group leader"},"content":{"rendered":"<h2 style=\"text-align: center;\"><strong>Assoc. Prof. Dr. Ale\u0161 Imramovsk\u00fd<\/strong><\/h2>\n<h3><strong>Personal Information<img loading=\"lazy\" decoding=\"async\" class=\"alignright size-medium wp-image-292\" src=\"http:\/\/imramovsky.upce.cz\/wp-content\/uploads\/2014\/05\/Ales-1stul-300x200.jpg\" alt=\"Ales 1stul\" width=\"300\" height=\"200\" srcset=\"https:\/\/imramovsky.upce.cz\/wp-content\/uploads\/2014\/05\/Ales-1stul-300x200.jpg 300w, https:\/\/imramovsky.upce.cz\/wp-content\/uploads\/2014\/05\/Ales-1stul-225x150.jpg 225w, https:\/\/imramovsky.upce.cz\/wp-content\/uploads\/2014\/05\/Ales-1stul-150x100.jpg 150w, https:\/\/imramovsky.upce.cz\/wp-content\/uploads\/2014\/05\/Ales-1stul.jpg 600w\" sizes=\"auto, (max-width: 300px) 100vw, 300px\" \/><\/strong><\/h3>\n<p>Date of Birth:\u00a0\u00a0\u00a0\u00a0\u00a0\u00a0\u00a0\u00a0\u00a0\u00a0\u00a0\u00a0\u00a0\u00a0\u00a0\u00a0\u00a0\u00a0\u00a0 1980<br \/>\nPlace of Birth:\u00a0\u00a0\u00a0\u00a0\u00a0\u00a0\u00a0\u00a0\u00a0\u00a0\u00a0\u00a0\u00a0\u00a0\u00a0\u00a0\u00a0\u00a0\u00a0 Pardubice, Czech Republic<br \/>\nMarital status:\u00a0\u00a0\u00a0\u00a0\u00a0\u00a0\u00a0\u00a0\u00a0\u00a0\u00a0\u00a0\u00a0\u00a0\u00a0\u00a0\u00a0\u00a0 Married<br \/>\nNationality:\u00a0\u00a0\u00a0\u00a0\u00a0\u00a0\u00a0\u00a0\u00a0\u00a0\u00a0\u00a0\u00a0\u00a0\u00a0\u00a0\u00a0\u00a0\u00a0\u00a0\u00a0 \u00a0 Czech<br \/>\nResidential address:\u00a0\u00a0\u00a0\u00a0\u00a0\u00a0\u00a0\u00a0\u00a0\u00a0 Pardubice, 530 02<br \/>\nWork Phone:\u00a0\u00a0\u00a0\u00a0\u00a0\u00a0\u00a0\u00a0\u00a0\u00a0\u00a0\u00a0\u00a0\u00a0\u00a0\u00a0\u00a0\u00a0\u00a0\u00a0 +420 46 603 7739<br \/>\nE-mail:\u00a0\u00a0\u00a0\u00a0\u00a0\u00a0\u00a0\u00a0\u00a0\u00a0\u00a0\u00a0\u00a0\u00a0\u00a0\u00a0\u00a0\u00a0\u00a0\u00a0\u00a0\u00a0\u00a0\u00a0\u00a0\u00a0\u00a0\u00a0\u00a0\u00a0 ales.imramovsky@upce.cz<\/p>\n<h3 style=\"text-align: justify;\"><strong>Education and Training<\/strong><\/h3>\n<ul style=\"text-align: justify;\">\n<li>2013 University of Pardubice, Faculty of Chemical Technology, Pardubice (Czech Republic).<br \/>\nHabilitation: New Antimicrobial and Antifungal Compounds with Regard to Their Technological Realization. (September 2013).<\/li>\n<li>2003 \u2013 2007 Full-time postgraduate education at The Faculty of Pharmacy, Charles University in Prague (Ph.D. study at The Department of Inorganic and Organic Chemistry, specialization: Bioorganic chemistry).<br \/>\nPhD Thesis: Preparation and evaluation of new potential antimicrobial drugs and prodrugs (defense of PhD thesis May 2007).<\/li>\n<li>1998 \u2013 2003 University of Pardubice, Faculty of Chemical Technology (magisterial study).<br \/>\nDiploma Thesis: Research Institute for Pharmacy and Biochemistry, L\u00e9\u010diva Co. Prague, Czech republic.<br \/>\nDiploma Thesis Title: Synthesis of Antidiabetic Pioglitazone \u2013 Identification of Concomitant Impurity (defense of thesis June 2003).<\/li>\n<li>1994 \u2013 1998 High School of Chemical Industry, specialization &#8211; environmental protection, finished with leaving certificate.<\/li>\n<\/ul>\n<h3 style=\"text-align: justify;\"><strong>Work experience<\/strong><\/h3>\n<h3 style=\"text-align: justify;\">Current position<\/h3>\n<ul style=\"text-align: justify;\">\n<li>Full-time employment at The University of Pardubice, Faculty of Chemical Technology, Institute of Organic Chemistry and Technology (started on th 1st October 2008).<\/li>\n<\/ul>\n<h3 style=\"text-align: justify;\">Terminated positions<\/h3>\n<ul style=\"text-align: justify;\">\n<li>Full-time employment at The University of Hradec Kr\u00e1lov\u00e9, Faculty of Education, Department of Chemistry (started on the 1st March 2007 finished on 16th February 2010).<\/li>\n<li>Partially job at The Charles University in Prague, Faculty of Pharmacy in Hradec Kr\u00e1lov\u00e9, Position \u2013 research assistant (started on the 2nd April 2007 finished on 30th September 2008).<\/li>\n<\/ul>\n<h3 style=\"text-align: justify;\"><strong>International fellowships<\/strong><\/h3>\n<ul style=\"text-align: justify;\">\n<li>September 2006 \u2013 October 2006 EU program \u201cContact\u201d, University of Ljubljana, Faculty of Chemical Technology, Slovenia.<br \/>\nSupervisor: Prof. Dr. Slovenko Polanc.<\/li>\n<li>October 2004 \u2013 February 2005 \u201cSocrates-Erasmus fellowship\u201d, University of Ljubljana, Faculty of Chemical Technology, Slovenia.<br \/>\nSupervisor: Prof. Dr. Slovenko Polanc.<\/li>\n<\/ul>\n<h3 style=\"text-align: justify;\"><strong>Special courses and seminars<\/strong><\/h3>\n<ul style=\"text-align: justify;\">\n<li>Education for University Teachers \u2013 University of Pardubice, 2011.<\/li>\n<li>Interpretation of Infrared Spectra Course, 30th January \u2013 3rd February 2006, Prague, Czech Republic. Finished with certificate.<\/li>\n<li>The 3rd School of HPLC-MS, 29th August \u2013 2nd September 2005, Doubice, Czech Republic. Finished with certificate.<\/li>\n<li>Modern problems of NMR spectroscopy, 11-16th November 2007. Organized by Department of Low-Temperature Physics (DLTP), Charles University in Prague, Czech Republic.<\/li>\n<\/ul>\n<h3 style=\"text-align: justify;\"><strong>Grants and Projects<\/strong><\/h3>\n<h3 style=\"text-align: justify;\">Principal Researcher<\/h3>\n<ul style=\"text-align: justify;\">\n<li>Grant agency of Czech Republic, project title: Molecular energy harvesting materials: towards breaking the limits. (2019-2021)<\/li>\n<li>Grant agency of Czech Republic, project title: Pseudopeptide proteasome inhibitors (2018-2020)<\/li>\n<li>Grant agency of Czech Republic, project title: MULTI-PHOTON ABSORBING MATERIALS FOR 3D FABRICATION AND 3D IMAGING<br \/>\n(M-FOR-3D) (2017-2019)<\/li>\n<li>Technology Agency of Czech Republic,, Project Proof of concept at University of Pardubice (2016-2017)<\/li>\n<li>Technology Agency of Czech Republic, Project TA03010819, Title: Development of Technology for non-Halogenated Veterinary Prostaglandins and Their Intermediates. (2013-2016)<\/li>\n<li>2010 Grant FRV\u0160 845\/2009 Principal Researcher successfully finished with defense.<\/li>\n<li>2006 Grant FRV\u0160 152\/2006 Principal Researcher successfully finished with defense.<\/li>\n<li>2005 Grant FRV\u0160 297\/2005\/G6 Principal Researcher, successfully finished with defense.<\/li>\n<\/ul>\n<h3 style=\"text-align: justify;\">Co-worker<\/h3>\n<ul style=\"text-align: justify;\">\n<li>2011-2013 Project of Grant Agency of Czech Republic. Derivates of Phosgene for nanotechnology.<\/li>\n<li>2012 Grants FRV\u0160, Biomedicinal Laboratory, successfully finished with defense.<\/li>\n<li>2006 Grant GAUK 285\/2006\/B-CH\/FaF Partially Researcher, grant continue in 2007.<\/li>\n<\/ul>\n<h3 style=\"text-align: justify;\"><strong>Publicantions and Scientific Conferences contributions (October 2017)<\/strong><\/h3>\n<h3 style=\"text-align: justify;\">Scientific papers<\/h3>\n<ul style=\"text-align: justify;\">\n<li>Author or Co-author 48 scientific papers (45 in impact factor journals). In WOS were cited 423 times without self-citations, h-index = 14. For details, see section Publications.<\/li>\n<\/ul>\n<h3 style=\"text-align: justify;\">Patents<\/h3>\n<ul style=\"text-align: justify;\">\n<li>Co-author of three patents and two verified technology.<\/li>\n<\/ul>\n<h3 style=\"text-align: justify;\">Conferences<\/h3>\n<ul style=\"text-align: justify;\">\n<li>Author or Co-author more than 66 contributions on national or international professional conferences (June 2014).<\/li>\n<\/ul>\n<h3 style=\"text-align: justify;\"><strong>Prize and Awards<\/strong><\/h3>\n<ul>\n<li style=\"text-align: justify;\">Alfred Bader Award for Bioorganic and Bioinorganic Chemistry 2015 (CAB II).<\/li>\n<li style=\"text-align: justify;\">Cena Josefa Hl\u00e1vky, Prague, November 16th 2007. Foundation \u201eJosefa, Marie a Zde\u0148ky Hl\u00e1vkov\u00fdch\u201c award prize on the basis nomination of the Dean of the Faculty of Pharmacy, Charles University in Prague.<br \/>\n(http:\/\/www.hlavkovanadace.cz\/).<\/li>\n<\/ul>\n","protected":false},"excerpt":{"rendered":"<p>Assoc. Prof. Dr. Ale\u0161 Imramovsk\u00fd Personal Information Date of Birth:\u00a0\u00a0\u00a0\u00a0\u00a0\u00a0\u00a0\u00a0\u00a0\u00a0\u00a0\u00a0\u00a0\u00a0\u00a0\u00a0\u00a0\u00a0\u00a0 1980 Place of Birth:\u00a0\u00a0\u00a0\u00a0\u00a0\u00a0\u00a0\u00a0\u00a0\u00a0\u00a0\u00a0\u00a0\u00a0\u00a0\u00a0\u00a0\u00a0\u00a0 Pardubice, Czech Republic Marital status:\u00a0\u00a0\u00a0\u00a0\u00a0\u00a0\u00a0\u00a0\u00a0\u00a0\u00a0\u00a0\u00a0\u00a0\u00a0\u00a0\u00a0\u00a0 Married Nationality:\u00a0\u00a0\u00a0\u00a0\u00a0\u00a0\u00a0\u00a0\u00a0\u00a0\u00a0\u00a0\u00a0\u00a0\u00a0\u00a0\u00a0\u00a0\u00a0\u00a0\u00a0 \u00a0 Czech Residential address:\u00a0\u00a0\u00a0\u00a0\u00a0\u00a0\u00a0\u00a0\u00a0\u00a0 Pardubice, 530 02 Work Phone:\u00a0\u00a0\u00a0\u00a0\u00a0\u00a0\u00a0\u00a0\u00a0\u00a0\u00a0\u00a0\u00a0\u00a0\u00a0\u00a0\u00a0\u00a0\u00a0\u00a0 +420 46 603 7739 E-mail:\u00a0\u00a0\u00a0\u00a0\u00a0\u00a0\u00a0\u00a0\u00a0\u00a0\u00a0\u00a0\u00a0\u00a0\u00a0\u00a0\u00a0\u00a0\u00a0\u00a0\u00a0\u00a0\u00a0\u00a0\u00a0\u00a0\u00a0\u00a0\u00a0\u00a0 ales.imramovsky@upce.cz Education and Training 2013 University of Pardubice, Faculty of Chemical Technology, Pardubice (Czech Republic). \u2026 <a href=\"https:\/\/imramovsky.upce.cz\/?page_id=172\"> Continue reading <span class=\"meta-nav\">&rarr; <\/span><\/a><\/p>\n","protected":false},"author":1,"featured_media":0,"parent":0,"menu_order":3,"comment_status":"closed","ping_status":"closed","template":"template-twocolumns-right.php","meta":{"ngg_post_thumbnail":0,"footnotes":""},"class_list":["post-172","page","type-page","status-publish","hentry"],"_links":{"self":[{"href":"https:\/\/imramovsky.upce.cz\/index.php?rest_route=\/wp\/v2\/pages\/172","targetHints":{"allow":["GET"]}}],"collection":[{"href":"https:\/\/imramovsky.upce.cz\/index.php?rest_route=\/wp\/v2\/pages"}],"about":[{"href":"https:\/\/imramovsky.upce.cz\/index.php?rest_route=\/wp\/v2\/types\/page"}],"author":[{"embeddable":true,"href":"https:\/\/imramovsky.upce.cz\/index.php?rest_route=\/wp\/v2\/users\/1"}],"replies":[{"embeddable":true,"href":"https:\/\/imramovsky.upce.cz\/index.php?rest_route=%2Fwp%2Fv2%2Fcomments&post=172"}],"version-history":[{"count":44,"href":"https:\/\/imramovsky.upce.cz\/index.php?rest_route=\/wp\/v2\/pages\/172\/revisions"}],"predecessor-version":[{"id":1007,"href":"https:\/\/imramovsky.upce.cz\/index.php?rest_route=\/wp\/v2\/pages\/172\/revisions\/1007"}],"wp:attachment":[{"href":"https:\/\/imramovsky.upce.cz\/index.php?rest_route=%2Fwp%2Fv2%2Fmedia&parent=172"}],"curies":[{"name":"wp","href":"https:\/\/api.w.org\/{rel}","templated":true}]}}