{"id":1073,"date":"2020-09-14T12:19:39","date_gmt":"2020-09-14T11:19:39","guid":{"rendered":"http:\/\/imramovsky.upce.cz\/?page_id=1073"},"modified":"2022-06-03T07:53:37","modified_gmt":"2022-06-03T06:53:37","slug":"bc-katerina-teichmanova","status":"publish","type":"page","link":"https:\/\/imramovsky.upce.cz\/?page_id=1073","title":{"rendered":"Ing. Kate\u0159ina Teichmanov\u00e1"},"content":{"rendered":"<p>Master student<a href=\"http:\/\/imramovsky.upce.cz\/wp-content\/uploads\/2020\/09\/kata-teichmanova.png\"><img loading=\"lazy\" decoding=\"async\" class=\"alignright  wp-image-1017\" src=\"http:\/\/imramovsky.upce.cz\/wp-content\/uploads\/2020\/09\/kata-teichmanova-238x300.png\" alt=\"\" width=\"172\" height=\"217\" srcset=\"https:\/\/imramovsky.upce.cz\/wp-content\/uploads\/2020\/09\/kata-teichmanova-238x300.png 238w, https:\/\/imramovsky.upce.cz\/wp-content\/uploads\/2020\/09\/kata-teichmanova-119x150.png 119w, https:\/\/imramovsky.upce.cz\/wp-content\/uploads\/2020\/09\/kata-teichmanova.png 309w\" sizes=\"auto, (max-width: 172px) 100vw, 172px\" \/><\/a><\/p>\n<p><span style=\"color: #000000;\">Date of Birth:&nbsp;&nbsp;&nbsp;&nbsp;&nbsp;&nbsp;&nbsp;&nbsp;&nbsp;&nbsp;&nbsp;&nbsp;&nbsp; 1996<br \/>\nPlace of Birth:&nbsp; &nbsp; &nbsp; &nbsp; &nbsp; &nbsp; &nbsp;Vala\u0161sk\u00e9 Mezi\u0159\u00ed\u010d\u00ed, Czech Republic<br \/>\nNationality:&nbsp; &nbsp; &nbsp; &nbsp; &nbsp; &nbsp; &nbsp; &nbsp; &nbsp;Czech<br \/>\n<\/span><span style=\"color: #000000;\">Laboratory No.:&nbsp;&nbsp;&nbsp;&nbsp;&nbsp;&nbsp;&nbsp;&nbsp;&nbsp;&nbsp; F03 038<br \/>\nE-mail:&nbsp;&nbsp;&nbsp;&nbsp;&nbsp;&nbsp;&nbsp;&nbsp;&nbsp;&nbsp;&nbsp;&nbsp;&nbsp;&nbsp;&nbsp;&nbsp;&nbsp;&nbsp;&nbsp;&nbsp;&nbsp;&nbsp;&nbsp;<wbr>&nbsp;&nbsp;<a href=\"mailto:k.teichmanova@gmail.com\" target=\"_blank\" rel=\"noopener noreferrer\">k.teichmanova@gmail.com<\/a><\/span><\/p>\n<h3><strong><span style=\"color: #000000;\">Research topic<\/span><\/strong><\/h3>\n<p><span style=\"color: #000000;\">Synthesis of new symetric DPA-DSB fluorescent dyes<\/span><\/p>\n<h3><span style=\"color: #000000;\">&nbsp;<strong>Education<\/strong><\/span><\/h3>\n<ul>\n<li><span style=\"color: #000000;\"><span style=\"font-family: arial, sans-serif;\">2018 \u2013 today&nbsp; &nbsp;<\/span>University of Pardubice, Faculty of Chemical Technology. Organic Chemistry<\/span><\/li>\n<li><span style=\"color: #000000; font-family: arial, sans-serif;\">2019&nbsp; &nbsp; &nbsp; &nbsp; &nbsp; &nbsp; &nbsp; &nbsp;&nbsp;Universidad de Ja\u00e9n, Facultad de Ciencias&nbsp;Experimentales, programme Erasmus&nbsp;<\/span><\/li>\n<li><span style=\"color: #000000; font-family: arial, sans-serif;\">2015 \u2013 2018&nbsp; &nbsp; University of Pardubice, Faculty of Chemical Technology,<\/span>&nbsp;Farmacochemistry and Medicinal Materials<\/li>\n<li><span style=\"color: #000000; font-family: arial, sans-serif;\">2011 \u2013 2015&nbsp; &nbsp;&nbsp;Gymn\u00e1zium Franti\u0161ka Palack\u00e9ho, Vala\u0161sk\u00e9 Mezi\u0159\u00ed\u010d\u00ed<\/span><\/li>\n<\/ul>\n<h3><strong><span style=\"color: #000000;\">Internship<\/span><\/strong><\/h3>\n<ul>\n<li><span style=\"color: #000000;\">2017&nbsp; &nbsp; &nbsp; &nbsp; &nbsp; &nbsp; &nbsp; &nbsp; Contipro, a.s., Doln\u00ed Dobrou\u010d<\/span><\/li>\n<\/ul>\n","protected":false},"excerpt":{"rendered":"<p>Master student Date of Birth:&nbsp;&nbsp;&nbsp;&nbsp;&nbsp;&nbsp;&nbsp;&nbsp;&nbsp;&nbsp;&nbsp;&nbsp;&nbsp; 1996 Place of Birth:&nbsp; &nbsp; &nbsp; &nbsp; &nbsp; &nbsp; &nbsp;Vala\u0161sk\u00e9 Mezi\u0159\u00ed\u010d\u00ed, Czech Republic Nationality:&nbsp; &nbsp; &nbsp; &nbsp; &nbsp; &nbsp; &nbsp; &nbsp; &nbsp;Czech Laboratory No.:&nbsp;&nbsp;&nbsp;&nbsp;&nbsp;&nbsp;&nbsp;&nbsp;&nbsp;&nbsp; F03 038 E-mail:&nbsp;&nbsp;&nbsp;&nbsp;&nbsp;&nbsp;&nbsp;&nbsp;&nbsp;&nbsp;&nbsp;&nbsp;&nbsp;&nbsp;&nbsp;&nbsp;&nbsp;&nbsp;&nbsp;&nbsp;&nbsp;&nbsp;&nbsp;&nbsp;&nbsp;k.teichmanova@gmail.com Research topic Synthesis of new symetric DPA-DSB fluorescent dyes &nbsp;Education 2018 \u2013 today&nbsp; &nbsp;University of Pardubice, Faculty of \u2026 <a href=\"https:\/\/imramovsky.upce.cz\/?page_id=1073\"> Continue reading <span class=\"meta-nav\">&rarr; <\/span><\/a><\/p>\n","protected":false},"author":1,"featured_media":0,"parent":31,"menu_order":0,"comment_status":"closed","ping_status":"closed","template":"","meta":{"ngg_post_thumbnail":0,"footnotes":""},"class_list":["post-1073","page","type-page","status-publish","hentry"],"_links":{"self":[{"href":"https:\/\/imramovsky.upce.cz\/index.php?rest_route=\/wp\/v2\/pages\/1073","targetHints":{"allow":["GET"]}}],"collection":[{"href":"https:\/\/imramovsky.upce.cz\/index.php?rest_route=\/wp\/v2\/pages"}],"about":[{"href":"https:\/\/imramovsky.upce.cz\/index.php?rest_route=\/wp\/v2\/types\/page"}],"author":[{"embeddable":true,"href":"https:\/\/imramovsky.upce.cz\/index.php?rest_route=\/wp\/v2\/users\/1"}],"replies":[{"embeddable":true,"href":"https:\/\/imramovsky.upce.cz\/index.php?rest_route=%2Fwp%2Fv2%2Fcomments&post=1073"}],"version-history":[{"count":2,"href":"https:\/\/imramovsky.upce.cz\/index.php?rest_route=\/wp\/v2\/pages\/1073\/revisions"}],"predecessor-version":[{"id":1115,"href":"https:\/\/imramovsky.upce.cz\/index.php?rest_route=\/wp\/v2\/pages\/1073\/revisions\/1115"}],"up":[{"embeddable":true,"href":"https:\/\/imramovsky.upce.cz\/index.php?rest_route=\/wp\/v2\/pages\/31"}],"wp:attachment":[{"href":"https:\/\/imramovsky.upce.cz\/index.php?rest_route=%2Fwp%2Fv2%2Fmedia&parent=1073"}],"curies":[{"name":"wp","href":"https:\/\/api.w.org\/{rel}","templated":true}]}}