{"id":1033,"date":"2020-09-10T13:25:20","date_gmt":"2020-09-10T12:25:20","guid":{"rendered":"http:\/\/imramovsky.upce.cz\/?page_id=1033"},"modified":"2022-01-03T13:35:02","modified_gmt":"2022-01-03T12:35:02","slug":"ing-vojtech-simon","status":"publish","type":"page","link":"https:\/\/imramovsky.upce.cz\/?page_id=1033","title":{"rendered":"Ing. Vojt\u011bch \u0160imon"},"content":{"rendered":"<p>Former PhD. Student, now&nbsp; pomocn\u00fd&nbsp; u\u010ditel&nbsp; Z\u0160&nbsp; Kol\u00edn (Francouz\u0161tina \u00farove\u0148 C2)<\/p>\n<p>Date of Birth:&nbsp;&nbsp;&nbsp;&nbsp;&nbsp;&nbsp;&nbsp;&nbsp;&nbsp;&nbsp;&nbsp;&nbsp;&nbsp; 1954<br \/>\nPlace of Birth:&nbsp; &nbsp; &nbsp; &nbsp; &nbsp; &nbsp; &nbsp;Kol\u00edn, Czech Republic<a href=\"http:\/\/imramovsky.upce.cz\/wp-content\/uploads\/2020\/09\/vojta-1.png\"><img loading=\"lazy\" decoding=\"async\" class=\"alignright size-medium wp-image-1028\" src=\"http:\/\/imramovsky.upce.cz\/wp-content\/uploads\/2020\/09\/vojta-1-216x300.png\" alt=\"\" width=\"216\" height=\"300\" srcset=\"https:\/\/imramovsky.upce.cz\/wp-content\/uploads\/2020\/09\/vojta-1-216x300.png 216w, https:\/\/imramovsky.upce.cz\/wp-content\/uploads\/2020\/09\/vojta-1-108x150.png 108w, https:\/\/imramovsky.upce.cz\/wp-content\/uploads\/2020\/09\/vojta-1.png 276w\" sizes=\"auto, (max-width: 216px) 100vw, 216px\" \/><\/a><br \/>\nNationality:&nbsp; &nbsp; &nbsp; &nbsp; &nbsp; &nbsp; &nbsp; &nbsp; &nbsp;Czech<br \/>\nWork Phone:&nbsp; &nbsp; &nbsp; &nbsp; &nbsp; &nbsp; &nbsp; &nbsp;<br \/>\nLaboratory No.:&nbsp;&nbsp;&nbsp;&nbsp;&nbsp;&nbsp;&nbsp;&nbsp;&nbsp;&nbsp; F03 038<br \/>\nE-mail:&nbsp;&nbsp;&nbsp;&nbsp;&nbsp;&nbsp;&nbsp;&nbsp;&nbsp;&nbsp;&nbsp;&nbsp;&nbsp;&nbsp;&nbsp;&nbsp;&nbsp;&nbsp;&nbsp;&nbsp;&nbsp;&nbsp;&nbsp;<wbr> &nbsp;<\/p>\n<p><strong>Research topic:&nbsp;<br \/>\n<\/strong>Sl\u00e1dek &#8211; nedokon\u010deno<\/p>\n<p>Kucha\u0159 obor: va\u0159ba prdela\u010dky<\/p>\n<p>&nbsp;<\/p>\n<p>&nbsp;<\/p>\n<pre id=\"m_4479773136790696429gmail-tw-target-text\" dir=\"ltr\">&nbsp;<\/pre>\n<p>&nbsp;<\/p>\n<p>&nbsp;<\/p>\n","protected":false},"excerpt":{"rendered":"<p>Former PhD. Student, now&nbsp; pomocn\u00fd&nbsp; u\u010ditel&nbsp; Z\u0160&nbsp; Kol\u00edn (Francouz\u0161tina \u00farove\u0148 C2) Date of Birth:&nbsp;&nbsp;&nbsp;&nbsp;&nbsp;&nbsp;&nbsp;&nbsp;&nbsp;&nbsp;&nbsp;&nbsp;&nbsp; 1954 Place of Birth:&nbsp; &nbsp; &nbsp; &nbsp; &nbsp; &nbsp; &nbsp;Kol\u00edn, Czech Republic Nationality:&nbsp; &nbsp; &nbsp; &nbsp; &nbsp; &nbsp; &nbsp; &nbsp; &nbsp;Czech Work Phone:&nbsp; &nbsp; &nbsp; &nbsp; &nbsp; &nbsp; &nbsp; &nbsp; Laboratory No.:&nbsp;&nbsp;&nbsp;&nbsp;&nbsp;&nbsp;&nbsp;&nbsp;&nbsp;&nbsp; F03 038 E-mail:&nbsp;&nbsp;&nbsp;&nbsp;&nbsp;&nbsp;&nbsp;&nbsp;&nbsp;&nbsp;&nbsp;&nbsp;&nbsp;&nbsp;&nbsp;&nbsp;&nbsp;&nbsp;&nbsp;&nbsp;&nbsp;&nbsp;&nbsp; &nbsp; \u2026 <a href=\"https:\/\/imramovsky.upce.cz\/?page_id=1033\"> Continue reading <span class=\"meta-nav\">&rarr; <\/span><\/a><\/p>\n","protected":false},"author":1,"featured_media":0,"parent":31,"menu_order":4,"comment_status":"closed","ping_status":"closed","template":"","meta":{"ngg_post_thumbnail":0,"footnotes":""},"class_list":["post-1033","page","type-page","status-publish","hentry"],"_links":{"self":[{"href":"https:\/\/imramovsky.upce.cz\/index.php?rest_route=\/wp\/v2\/pages\/1033","targetHints":{"allow":["GET"]}}],"collection":[{"href":"https:\/\/imramovsky.upce.cz\/index.php?rest_route=\/wp\/v2\/pages"}],"about":[{"href":"https:\/\/imramovsky.upce.cz\/index.php?rest_route=\/wp\/v2\/types\/page"}],"author":[{"embeddable":true,"href":"https:\/\/imramovsky.upce.cz\/index.php?rest_route=\/wp\/v2\/users\/1"}],"replies":[{"embeddable":true,"href":"https:\/\/imramovsky.upce.cz\/index.php?rest_route=%2Fwp%2Fv2%2Fcomments&post=1033"}],"version-history":[{"count":5,"href":"https:\/\/imramovsky.upce.cz\/index.php?rest_route=\/wp\/v2\/pages\/1033\/revisions"}],"predecessor-version":[{"id":1108,"href":"https:\/\/imramovsky.upce.cz\/index.php?rest_route=\/wp\/v2\/pages\/1033\/revisions\/1108"}],"up":[{"embeddable":true,"href":"https:\/\/imramovsky.upce.cz\/index.php?rest_route=\/wp\/v2\/pages\/31"}],"wp:attachment":[{"href":"https:\/\/imramovsky.upce.cz\/index.php?rest_route=%2Fwp%2Fv2%2Fmedia&parent=1033"}],"curies":[{"name":"wp","href":"https:\/\/api.w.org\/{rel}","templated":true}]}}